{"id":6,"date":"2024-10-27T19:46:44","date_gmt":"2024-10-27T17:46:44","guid":{"rendered":"https:\/\/roihuvuori.fi\/paikat\/?page_id=6"},"modified":"2024-10-28T11:57:44","modified_gmt":"2024-10-28T09:57:44","slug":"etusivu","status":"publish","type":"page","link":"https:\/\/roihuvuori.fi\/paikat\/","title":{"rendered":"Roihuvuorelaisten merkitykselliset paikat"},"content":{"rendered":"\n<h2 class=\"wp-block-heading\">Hei roihuvuorelainen!<\/h2>\n\n\n\n<p>Ker\u00e4\u00e4mme tietoa Roihuvuoren asukkaiden merkitykselliseksi kokemista paikoista. Tietoa k\u00e4yt\u00e4mme ensinn\u00e4kin ymm\u00e4rryksen ja tiedon lis\u00e4\u00e4miseksi siit\u00e4, millaisia paikkoja arvostamme ymp\u00e4rist\u00f6ss\u00e4mme, millaiset paikat koemme t\u00e4rkeiksi ja mill\u00e4 tavoin ja millaisia paikkoja tulisi erityisesti vaalia. Toiseksi ker\u00e4tyn tiedon avulla pystymme v\u00e4litt\u00e4m\u00e4\u00e4n kaupunkisuunnitteluun asukkaiden n\u00e4kemyksi\u00e4 asuinymp\u00e4rist\u00f6st\u00e4\u00e4n.<\/p>\n\n\n\n<p>Kerro oma tarinasi t\u00e4rke\u00e4ksi kokemastasi paikasta Roihuvuoressa: se voi olla lyhyt kuvaus ja perustelu tai tarina jostakin tapahtumasta ko. paikassa tai arkeen ja el\u00e4m\u00e4nkokonaisuuteen liittyv\u00e4 paikka. Voit lis\u00e4t\u00e4 halutessasi ottamasi kuvan.<\/p>\n\n\n\n<p>Antamasi tiedot k\u00e4sitell\u00e4\u00e4n anonyymein\u00e4 eli sinua ei voida tunnistaa aineistosta. Muotoile tekstisi siten, ettei sinua voida tunnistaa. Voit kuitenkin halutessasi k\u00e4ytt\u00e4\u00e4 nimimerkki\u00e4. Noudatamme tietosuojaa ja sosiaalisen median eettisi\u00e4 k\u00e4yt\u00e4nt\u00f6j\u00e4.<\/p>\n\n\n\n<p>Roihuvuori-seuran Tiederoihu-ryhm\u00e4 k\u00e4sittelee aineistoa ja k\u00e4ytt\u00e4\u00e4 sit\u00e4 tiedontuotantoon, tiedottamiseen ja n\u00e4iden tietojen v\u00e4litt\u00e4miseen kaupunkisuunnitteluun.<\/p>\n\n\n\n<p>Kerrothan t\u00e4rke\u00e4st\u00e4 paikastasi 20.11 menness\u00e4! Tiedonkeruun satoa esitell\u00e4\u00e4n Tiederoihun tilaisuudessa Tietoa ja osallisuutta: asuinymp\u00e4rist\u00f6n merkitys 27.11.2024 klo 17.30. Tilaisuudessa KT Kati Honkanen alustaa v\u00e4it\u00f6skirjatutkimuksensa perusteella l\u00e4hi\u00f6ist\u00e4 asuinymp\u00e4rist\u00f6in\u00e4, jonka j\u00e4lkeen esitell\u00e4\u00e4n roihuvuorelaisten t\u00e4rke\u00e4t paikat. Tilaisuus on Roihuvuoren kirjastolla.<\/p>\n\n\n\n<div style=\"height:31px\" aria-hidden=\"true\" class=\"wp-block-spacer\"><\/div>\n\n\n\n<h2 class=\"wp-block-heading\">Kerro paikastasi<\/h2>\n\n\n\n<div class=\"wpcf7 no-js\" id=\"wpcf7-f27-o1\" lang=\"fi\" dir=\"ltr\">\n<div class=\"screen-reader-response\"><p role=\"status\" aria-live=\"polite\" aria-atomic=\"true\"><\/p> <ul><\/ul><\/div>\n<form action=\"\/paikat\/wp-json\/wp\/v2\/pages\/6#wpcf7-f27-o1\" method=\"post\" class=\"wpcf7-form init contact-form\" aria-label=\"Yhteydenottolomake\" enctype=\"multipart\/form-data\" novalidate=\"novalidate\" data-status=\"init\">\n<div style=\"display: none;\">\n<input type=\"hidden\" name=\"_wpcf7\" value=\"27\" \/>\n<input type=\"hidden\" name=\"_wpcf7_version\" value=\"5.9.8\" \/>\n<input type=\"hidden\" name=\"_wpcf7_locale\" value=\"fi\" \/>\n<input type=\"hidden\" name=\"_wpcf7_unit_tag\" value=\"wpcf7-f27-o1\" \/>\n<input type=\"hidden\" name=\"_wpcf7_container_post\" value=\"0\" \/>\n<input type=\"hidden\" name=\"_wpcf7_posted_data_hash\" value=\"\" \/>\n<input type=\"hidden\" name=\"_wpcf7_recaptcha_response\" value=\"\" \/>\n<\/div>\n<p><label> T\u00e4rke\u00e4n paikan sijainti. Kuvaile paikan sijaintia.<br \/>\n<span class=\"wpcf7-form-control-wrap\" data-name=\"sijainti\"><textarea cols=\"40\" rows=\"4\" maxlength=\"2000\" class=\"wpcf7-form-control wpcf7-textarea wpcf7-validates-as-required grunion-field\" aria-required=\"true\" aria-invalid=\"false\" name=\"sijainti\"><\/textarea><\/span> <\/label>\n<\/p>\n<p><label> Kerro, miten paikka on sinulle t\u00e4rke\u00e4. Voit esimerkiksi kuvailla, miten paikka on t\u00e4rke\u00e4 arjessasi tai el\u00e4m\u00e4ss\u00e4si tai mit\u00e4 sinulle merkityksellist\u00e4 paikassa on tapahtunut. Voit kertoa my\u00f6s el\u00e4m\u00e4ntilanteestasi. Eth\u00e4n kuitenkaan kirjoita tietoja, joista sinut tai muita henkil\u00f6it\u00e4 voidaan tunnistaa.<br \/>\n<span class=\"wpcf7-form-control-wrap\" data-name=\"kuvailu\"><textarea cols=\"40\" rows=\"12\" maxlength=\"2000\" class=\"wpcf7-form-control wpcf7-textarea wpcf7-validates-as-required grunion-field\" aria-required=\"true\" aria-invalid=\"false\" name=\"kuvailu\"><\/textarea><\/span> <\/label>\n<\/p>\n<p><label> Vapaaehtoinen nimimerkki<br \/>\n<span class=\"wpcf7-form-control-wrap\" data-name=\"nimimerkki\"><input size=\"40\" maxlength=\"400\" class=\"wpcf7-form-control wpcf7-text grunion-field\" aria-invalid=\"false\" value=\"\" type=\"text\" name=\"nimimerkki\" \/><\/span> <\/label>\n<\/p>\n<p><label> Jos sinulla on valokuva tai muu paikan tunnistamista helpottava liite, esimerkiksi piirros, liit\u00e4 se t\u00e4h\u00e4n. Tiedoston suurin sallitu koko on 4 Mt.<br \/>\n<span class=\"wpcf7-form-control-wrap\" data-name=\"liitetiedosto\"><input size=\"40\" class=\"wpcf7-form-control wpcf7-file\" accept=\"audio\/*,video\/*,image\/*\" aria-invalid=\"false\" type=\"file\" name=\"liitetiedosto\" \/><\/span> <\/label>\n<\/p>\n<p><label> Kirjoita my\u00f6s liitteen otsikko<br \/>\n<span class=\"wpcf7-form-control-wrap\" data-name=\"liitteen_otsikko\"><input size=\"40\" maxlength=\"400\" class=\"wpcf7-form-control wpcf7-text grunion-field\" aria-invalid=\"false\" value=\"\" type=\"text\" name=\"liitteen_otsikko\" \/><\/span> <\/label>\n<\/p>\n<p><span class=\"wpcf7-form-control-wrap\" data-name=\"suostun1\"><span class=\"wpcf7-form-control wpcf7-checkbox wpcf7-validates-as-required\"><span class=\"wpcf7-list-item first last\"><label><input type=\"checkbox\" name=\"suostun1[]\" value=\"Suostun siihen, ett\u00e4 antamani tiedot ja kuva julkaistaan verkkosivulla (roihuvuori.fi\/paikat)\" \/><span class=\"wpcf7-list-item-label\">Suostun siihen, ett\u00e4 antamani tiedot ja kuva julkaistaan verkkosivulla (roihuvuori.fi\/paikat)<\/span><\/label><\/span><\/span><\/span>\n<\/p>\n<p><span class=\"wpcf7-form-control-wrap\" data-name=\"suostun2\"><span class=\"wpcf7-form-control wpcf7-checkbox wpcf7-validates-as-required\"><span class=\"wpcf7-list-item first last\"><label><input type=\"checkbox\" name=\"suostun2[]\" value=\"Suostun siihen, ett\u00e4 Roihuvuori-Seura voi k\u00e4ytt\u00e4\u00e4 yll\u00e4 antamiani tietoja ja kuvaa seuran tiedontuotantoon kuten raportointiin ja tiedottamiseen Tiederoihun ja Roihuvuori-seuran muissa sosiaalisen media kanavissa ja tilaisuuksissa\" \/><span class=\"wpcf7-list-item-label\">Suostun siihen, ett\u00e4 Roihuvuori-Seura voi k\u00e4ytt\u00e4\u00e4 yll\u00e4 antamiani tietoja ja kuvaa seuran tiedontuotantoon kuten raportointiin ja tiedottamiseen Tiederoihun ja Roihuvuori-seuran muissa sosiaalisen media kanavissa ja tilaisuuksissa<\/span><\/label><\/span><\/span><\/span>\n<\/p>\n<p><span class=\"wpcf7-form-control-wrap\" data-name=\"suostun3\"><span class=\"wpcf7-form-control wpcf7-checkbox wpcf7-validates-as-required\"><span class=\"wpcf7-list-item first last\"><label><input type=\"checkbox\" name=\"suostun3[]\" value=\"Suostun siihen, ett\u00e4 Roihuvuori-Seura voi k\u00e4ytt\u00e4\u00e4 yll\u00e4 antamiani tietoja ja kuvaa seuran yhteydenpitoon kaupungin kanssa: asukkaiden n\u00e4kemysten v\u00e4litt\u00e4miseen kaupunkisuunnitteluun\" \/><span class=\"wpcf7-list-item-label\">Suostun siihen, ett\u00e4 Roihuvuori-Seura voi k\u00e4ytt\u00e4\u00e4 yll\u00e4 antamiani tietoja ja kuvaa seuran yhteydenpitoon kaupungin kanssa: asukkaiden n\u00e4kemysten v\u00e4litt\u00e4miseen kaupunkisuunnitteluun<\/span><\/label><\/span><\/span><\/span>\n<\/p>\n<p><input class=\"wpcf7-form-control wpcf7-submit has-spinner wp-block-button__link\" type=\"submit\" value=\"L\u00e4het\u00e4\" \/>\n<\/p><div class=\"wpcf7-response-output\" aria-hidden=\"true\"><\/div>\n<\/form>\n<\/div>\n\n\n\n\n<p class=\"has-small-font-size\"><\/p>\n","protected":false},"excerpt":{"rendered":"<p>Hei roihuvuorelainen! Ker\u00e4\u00e4mme tietoa Roihuvuoren asukkaiden merkitykselliseksi kokemista paikoista. Tietoa k\u00e4yt\u00e4mme ensinn\u00e4kin ymm\u00e4rryksen ja tiedon lis\u00e4\u00e4miseksi siit\u00e4, millaisia paikkoja arvostamme ymp\u00e4rist\u00f6ss\u00e4mme, millaiset paikat koemme t\u00e4rkeiksi ja mill\u00e4 tavoin ja millaisia paikkoja tulisi erityisesti vaalia. Toiseksi ker\u00e4tyn tiedon avulla pystymme v\u00e4litt\u00e4m\u00e4\u00e4n kaupunkisuunnitteluun asukkaiden n\u00e4kemyksi\u00e4 asuinymp\u00e4rist\u00f6st\u00e4\u00e4n. Kerro oma tarinasi t\u00e4rke\u00e4ksi kokemastasi paikasta Roihuvuoressa: se voi olla lyhyt [&hellip;]<\/p>\n","protected":false},"author":1,"featured_media":55,"parent":0,"menu_order":0,"comment_status":"closed","ping_status":"closed","template":"","meta":{"footnotes":""},"class_list":["post-6","page","type-page","status-publish","has-post-thumbnail","hentry"],"_links":{"self":[{"href":"https:\/\/roihuvuori.fi\/paikat\/wp-json\/wp\/v2\/pages\/6","targetHints":{"allow":["GET"]}}],"collection":[{"href":"https:\/\/roihuvuori.fi\/paikat\/wp-json\/wp\/v2\/pages"}],"about":[{"href":"https:\/\/roihuvuori.fi\/paikat\/wp-json\/wp\/v2\/types\/page"}],"author":[{"embeddable":true,"href":"https:\/\/roihuvuori.fi\/paikat\/wp-json\/wp\/v2\/users\/1"}],"replies":[{"embeddable":true,"href":"https:\/\/roihuvuori.fi\/paikat\/wp-json\/wp\/v2\/comments?post=6"}],"version-history":[{"count":22,"href":"https:\/\/roihuvuori.fi\/paikat\/wp-json\/wp\/v2\/pages\/6\/revisions"}],"predecessor-version":[{"id":143,"href":"https:\/\/roihuvuori.fi\/paikat\/wp-json\/wp\/v2\/pages\/6\/revisions\/143"}],"wp:featuredmedia":[{"embeddable":true,"href":"https:\/\/roihuvuori.fi\/paikat\/wp-json\/wp\/v2\/media\/55"}],"wp:attachment":[{"href":"https:\/\/roihuvuori.fi\/paikat\/wp-json\/wp\/v2\/media?parent=6"}],"curies":[{"name":"wp","href":"https:\/\/api.w.org\/{rel}","templated":true}]}}